{"id":113,"date":"2023-06-27T20:34:56","date_gmt":"2023-06-27T20:34:56","guid":{"rendered":"https:\/\/nadnew.tierarzt-taeuffelen.ch\/?page_id=113"},"modified":"2025-04-14T15:23:57","modified_gmt":"2025-04-14T13:23:57","slug":"termine","status":"publish","type":"page","link":"https:\/\/seeland-vet.ch\/?page_id=113","title":{"rendered":"Termine"},"content":{"rendered":"\n<figure class=\"wp-block-image alignfull size-full\"><img loading=\"lazy\" decoding=\"async\" width=\"2560\" height=\"799\" src=\"https:\/\/seeland-vet.ch\/wp-content\/uploads\/2025\/04\/PXL_20250413_15583673061-scaled.jpg\" alt=\"\" class=\"wp-image-700\" srcset=\"https:\/\/seeland-vet.ch\/wp-content\/uploads\/2025\/04\/PXL_20250413_15583673061-scaled.jpg 2560w, https:\/\/seeland-vet.ch\/wp-content\/uploads\/2025\/04\/PXL_20250413_15583673061-300x94.jpg 300w, https:\/\/seeland-vet.ch\/wp-content\/uploads\/2025\/04\/PXL_20250413_15583673061-1024x320.jpg 1024w, https:\/\/seeland-vet.ch\/wp-content\/uploads\/2025\/04\/PXL_20250413_15583673061-768x240.jpg 768w, https:\/\/seeland-vet.ch\/wp-content\/uploads\/2025\/04\/PXL_20250413_15583673061-1536x480.jpg 1536w, https:\/\/seeland-vet.ch\/wp-content\/uploads\/2025\/04\/PXL_20250413_15583673061-2048x640.jpg 2048w, https:\/\/seeland-vet.ch\/wp-content\/uploads\/2025\/04\/PXL_20250413_15583673061-1200x375.jpg 1200w, https:\/\/seeland-vet.ch\/wp-content\/uploads\/2025\/04\/PXL_20250413_15583673061-1980x618.jpg 1980w\" sizes=\"auto, (max-width: 2560px) 100vw, 2560px\" \/><\/figure>\n\n\n\n<h3 class=\"wp-block-heading has-text-color has-link-color wp-elements-5061ea19b9dd801d191ef3267a411d85\" style=\"color:#0a4b60\">Besuch anmelden<\/h3>\n\n\n\n<p class=\"has-text-color has-link-color wp-elements-04f8c31cf5f55e861c8d614bbd483f48\" style=\"color:#0a4b60\">Sie k\u00f6nnen uns immer telefonisch erreichen. Damit wir unsere Tour planen k\u00f6nnen sind wir Ihnen dankbar, wenn Sie uns jeweils <br><br><strong>morgens zw. 7.00 und 8.00 Uhr<\/strong><br><strong>mittags zw. 13.00 und 14.00 Uhr<\/strong><br><br>anrufen&nbsp;um einen Termin zu vereinbaren.<\/p>\n\n\n\n<div class=\"wp-block-buttons is-content-justification-center is-layout-flex wp-container-core-buttons-is-layout-16018d1d wp-block-buttons-is-layout-flex\">\n<div class=\"wp-block-button is-style-fill\"><a class=\"wp-block-button__link has-text-color has-background has-link-color wp-element-button\" href=\"https:\/\/seeland-vet.ch\/?p=587\" style=\"border-radius:12px;color:#0a4b60;background-color:#fbdad6\">weiterlesen<\/a><\/div>\n<\/div>\n\n\n\n<h3 class=\"wp-block-heading has-text-color has-link-color wp-elements-43041788a53bfd88557ca56ed3076d19\" style=\"color:#0a4b60\"><br>Medikamentenabgabe<\/h3>\n\n\n\n<p class=\"has-text-color has-link-color wp-elements-a1599a4d38b8b7e55993e10fed300631\" style=\"color:#0a4b60\">Nach Absprache deponieren wir Medikamente im \u2018Briefkasten\u2019 vor der Praxis.<\/p>\n\n\n\n<h3 class=\"wp-block-heading has-text-color has-link-color wp-elements-949cce21ee4b3a277c63381a46eac080\" style=\"color:#0a4b60\"><br>Notf\u00e4lle<\/h3>\n\n\n\n<p class=\"has-text-color has-link-color wp-elements-8d1cb60f212f7743cae2f4bf7accf5f6\" style=\"color:#0a4b60\">K\u00f6nnen jederzeit unter 032 396 11 50 angemeldet werden<\/p>\n\n\n\n<h4 class=\"wp-block-heading has-text-color has-link-color wp-elements-42648430349e40d0fef05d03dee7cb9a\" style=\"color:#0a4b60\">Hinweis<\/h4>\n\n\n\n<p class=\"has-text-color has-link-color wp-elements-157251e9f4a44f9e56bf75663631d580\" style=\"color:#0a4b60\">Kurzfristige Termine und Notf\u00e4lle erfordern unsererseits grosse Flexibilit\u00e4t und bedeuten einen organisatorischen Mehraufwand. Wir bem\u00fchen uns sehr, Ihren Bed\u00fcrfnissen und W\u00fcnschen stets bestm\u00f6glich gerecht zu werden. Wir bitten um Verst\u00e4ndnis, dass wir f\u00fcr Notf\u00e4lle sowie ausserplanm\u00e4ssige Besuche und KB&#8217;s einen entsprechenden Zuschlag verrechnen m\u00fcssen.<\/p>\n","protected":false},"excerpt":{"rendered":"<p>Besuch anmelden Sie k\u00f6nnen uns immer telefonisch erreichen. Damit wir unsere Tour planen k\u00f6nnen sind wir Ihnen dankbar, wenn Sie uns jeweils morgens zw. 7.00 und 8.00 Uhrmittags zw. 13.00 und 14.00 Uhr anrufen&nbsp;um einen Termin zu vereinbaren. Medikamentenabgabe Nach Absprache deponieren wir Medikamente im \u2018Briefkasten\u2019 vor der Praxis. Notf\u00e4lle K\u00f6nnen jederzeit unter 032 396 [&hellip;]<\/p>\n","protected":false},"author":1,"featured_media":0,"parent":0,"menu_order":0,"comment_status":"closed","ping_status":"closed","template":"templates\/template-full-width.php","meta":{"footnotes":""},"class_list":["post-113","page","type-page","status-publish","hentry"],"_links":{"self":[{"href":"https:\/\/seeland-vet.ch\/index.php?rest_route=\/wp\/v2\/pages\/113","targetHints":{"allow":["GET"]}}],"collection":[{"href":"https:\/\/seeland-vet.ch\/index.php?rest_route=\/wp\/v2\/pages"}],"about":[{"href":"https:\/\/seeland-vet.ch\/index.php?rest_route=\/wp\/v2\/types\/page"}],"author":[{"embeddable":true,"href":"https:\/\/seeland-vet.ch\/index.php?rest_route=\/wp\/v2\/users\/1"}],"replies":[{"embeddable":true,"href":"https:\/\/seeland-vet.ch\/index.php?rest_route=%2Fwp%2Fv2%2Fcomments&post=113"}],"version-history":[{"count":16,"href":"https:\/\/seeland-vet.ch\/index.php?rest_route=\/wp\/v2\/pages\/113\/revisions"}],"predecessor-version":[{"id":701,"href":"https:\/\/seeland-vet.ch\/index.php?rest_route=\/wp\/v2\/pages\/113\/revisions\/701"}],"wp:attachment":[{"href":"https:\/\/seeland-vet.ch\/index.php?rest_route=%2Fwp%2Fv2%2Fmedia&parent=113"}],"curies":[{"name":"wp","href":"https:\/\/api.w.org\/{rel}","templated":true}]}}