{"id":2,"date":"2023-06-11T12:24:13","date_gmt":"2023-06-11T12:24:13","guid":{"rendered":"https:\/\/nadnew.tierarzt-taeuffelen.ch\/?page_id=2"},"modified":"2025-11-18T21:43:11","modified_gmt":"2025-11-18T20:43:11","slug":"sample-page","status":"publish","type":"page","link":"https:\/\/seeland-vet.ch\/","title":{"rendered":"Home"},"content":{"rendered":"\n<figure class=\"wp-block-image alignfull size-full\"><img loading=\"lazy\" decoding=\"async\" width=\"2560\" height=\"1258\" src=\"https:\/\/seeland-vet.ch\/wp-content\/uploads\/2023\/07\/HG-Insel-Home-1-scaled.jpg\" alt=\"\" class=\"wp-image-451\" srcset=\"https:\/\/seeland-vet.ch\/wp-content\/uploads\/2023\/07\/HG-Insel-Home-1-scaled.jpg 2560w, https:\/\/seeland-vet.ch\/wp-content\/uploads\/2023\/07\/HG-Insel-Home-1-300x147.jpg 300w, https:\/\/seeland-vet.ch\/wp-content\/uploads\/2023\/07\/HG-Insel-Home-1-1024x503.jpg 1024w, https:\/\/seeland-vet.ch\/wp-content\/uploads\/2023\/07\/HG-Insel-Home-1-768x377.jpg 768w, https:\/\/seeland-vet.ch\/wp-content\/uploads\/2023\/07\/HG-Insel-Home-1-1536x755.jpg 1536w, https:\/\/seeland-vet.ch\/wp-content\/uploads\/2023\/07\/HG-Insel-Home-1-2048x1006.jpg 2048w, https:\/\/seeland-vet.ch\/wp-content\/uploads\/2023\/07\/HG-Insel-Home-1-1200x590.jpg 1200w, https:\/\/seeland-vet.ch\/wp-content\/uploads\/2023\/07\/HG-Insel-Home-1-1980x973.jpg 1980w\" sizes=\"auto, (max-width: 2560px) 100vw, 2560px\" \/><\/figure>\n\n\n\n<div class=\"wp-block-media-text\" style=\"grid-template-columns:20% auto\"><figure class=\"wp-block-media-text__media\"><img loading=\"lazy\" decoding=\"async\" width=\"300\" height=\"300\" src=\"https:\/\/seeland-vet.ch\/wp-content\/uploads\/2023\/06\/24-7-Icon-300x300.jpg\" alt=\"\" class=\"wp-image-96 size-medium\" srcset=\"https:\/\/seeland-vet.ch\/wp-content\/uploads\/2023\/06\/24-7-Icon-300x300.jpg 300w, https:\/\/seeland-vet.ch\/wp-content\/uploads\/2023\/06\/24-7-Icon-150x150.jpg 150w, https:\/\/seeland-vet.ch\/wp-content\/uploads\/2023\/06\/24-7-Icon.jpg 700w\" sizes=\"auto, (max-width: 300px) 100vw, 300px\" \/><\/figure><div class=\"wp-block-media-text__content\">\n<p class=\"has-text-color has-background\" style=\"color:#0a4b60;background-color:#fbdad6\">F\u00fcr unsere Kunden sind wir das ganze Jahr &amp; rund um die Uhr erreichbar.<br><a href=\"tel:+41323961150\">Tel.:  +41 32 396 11 50<\/a><\/p>\n<\/div><\/div>\n\n\n\n<div style=\"height:82px\" aria-hidden=\"true\" class=\"wp-block-spacer\"><\/div>\n\n\n\n<h2 class=\"wp-block-heading has-text-color has-link-color wp-elements-948dab62f83b6cbd69165fb9cb1776c4\" style=\"color:#0a4b60\">Neuste Beitr\u00e4ge<\/h2>\n\n\n<ul style=\"color:#0a4b60;\" class=\"wp-block-latest-posts__list is-grid columns-3 has-link-color wp-elements-2ac6147f41c681494d3f4905f588de2d wp-block-latest-posts has-text-color has-background has-subtle-background-background-color has-normal-font-size\"><li><div class=\"wp-block-latest-posts__featured-image\"><a href=\"https:\/\/seeland-vet.ch\/?p=641\" aria-label=\"Praxis\u00fcbernahme\"><img loading=\"lazy\" decoding=\"async\" width=\"150\" height=\"150\" src=\"https:\/\/seeland-vet.ch\/wp-content\/uploads\/2023\/12\/Uebergabe-150x150.png\" class=\"attachment-thumbnail size-thumbnail wp-post-image\" alt=\"\" style=\"\" srcset=\"https:\/\/seeland-vet.ch\/wp-content\/uploads\/2023\/12\/Uebergabe-150x150.png 150w, https:\/\/seeland-vet.ch\/wp-content\/uploads\/2023\/12\/Uebergabe.png 275w\" sizes=\"auto, (max-width: 150px) 100vw, 150px\" \/><\/a><\/div><a class=\"wp-block-latest-posts__post-title\" href=\"https:\/\/seeland-vet.ch\/?p=641\">Praxis\u00fcbernahme<\/a><div class=\"wp-block-latest-posts__post-excerpt\">Die Tierarztpraxis Dr. Adrian Schottwird zur Grosstierpraxis SeelandVet AG Liebe\u2026\u00a0<a class=\"wp-block-latest-posts__read-more\" href=\"https:\/\/seeland-vet.ch\/?p=641\" rel=\"noopener noreferrer\"><span class=\"screen-reader-text\">Praxis\u00fcbernahme <\/span>weiterlesen<\/a><\/div><\/li>\n<li><div class=\"wp-block-latest-posts__featured-image\"><a href=\"https:\/\/seeland-vet.ch\/?p=587\" aria-label=\"Besuch anmelden\"><img loading=\"lazy\" decoding=\"async\" width=\"150\" height=\"150\" src=\"https:\/\/seeland-vet.ch\/wp-content\/uploads\/2023\/12\/Anmeldung.svg_-150x150.png\" class=\"attachment-thumbnail size-thumbnail wp-post-image\" alt=\"\" style=\"\" srcset=\"https:\/\/seeland-vet.ch\/wp-content\/uploads\/2023\/12\/Anmeldung.svg_-150x150.png 150w, https:\/\/seeland-vet.ch\/wp-content\/uploads\/2023\/12\/Anmeldung.svg_.png 274w\" sizes=\"auto, (max-width: 150px) 100vw, 150px\" \/><\/a><\/div><a class=\"wp-block-latest-posts__post-title\" href=\"https:\/\/seeland-vet.ch\/?p=587\">Besuch anmelden<\/a><div class=\"wp-block-latest-posts__post-excerpt\">Wir sind stets bem\u00fcht, euren W\u00fcnschen und Bed\u00fcrfnissen bestm\u00f6glich gerecht\u2026\u00a0<a class=\"wp-block-latest-posts__read-more\" href=\"https:\/\/seeland-vet.ch\/?p=587\" rel=\"noopener noreferrer\"><span class=\"screen-reader-text\">Besuch anmelden <\/span>weiterlesen<\/a><\/div><\/li>\n<li><div class=\"wp-block-latest-posts__featured-image\"><a href=\"https:\/\/seeland-vet.ch\/?p=40\" aria-label=\"Zahnbehandlung beim Pferd \/ Pony \/ Esel\"><img loading=\"lazy\" decoding=\"async\" width=\"150\" height=\"150\" src=\"https:\/\/seeland-vet.ch\/wp-content\/uploads\/2023\/07\/Zahnbehandlung-Pferd-3-150x150.jpg\" class=\"attachment-thumbnail size-thumbnail wp-post-image\" alt=\"\" style=\"\" \/><\/a><\/div><a class=\"wp-block-latest-posts__post-title\" href=\"https:\/\/seeland-vet.ch\/?p=40\">Zahnbehandlung beim Pferd \/ Pony \/ Esel<\/a><div class=\"wp-block-latest-posts__post-excerpt\">Durch die Domestikation der Pferde hat sich deren Fressverhalten grundlegend\u2026\u00a0<a class=\"wp-block-latest-posts__read-more\" href=\"https:\/\/seeland-vet.ch\/?p=40\" rel=\"noopener noreferrer\"><span class=\"screen-reader-text\">Zahnbehandlung beim Pferd \/ Pony \/ Esel <\/span>weiterlesen<\/a><\/div><\/li>\n<\/ul>","protected":false},"excerpt":{"rendered":"<p>F\u00fcr unsere Kunden sind wir das ganze Jahr &amp; rund um die Uhr erreichbar.Tel.: +41 32 396 11 50 Neuste Beitr\u00e4ge<\/p>\n","protected":false},"author":1,"featured_media":0,"parent":0,"menu_order":0,"comment_status":"closed","ping_status":"closed","template":"templates\/template-full-width.php","meta":{"footnotes":""},"class_list":["post-2","page","type-page","status-publish","hentry"],"_links":{"self":[{"href":"https:\/\/seeland-vet.ch\/index.php?rest_route=\/wp\/v2\/pages\/2","targetHints":{"allow":["GET"]}}],"collection":[{"href":"https:\/\/seeland-vet.ch\/index.php?rest_route=\/wp\/v2\/pages"}],"about":[{"href":"https:\/\/seeland-vet.ch\/index.php?rest_route=\/wp\/v2\/types\/page"}],"author":[{"embeddable":true,"href":"https:\/\/seeland-vet.ch\/index.php?rest_route=\/wp\/v2\/users\/1"}],"replies":[{"embeddable":true,"href":"https:\/\/seeland-vet.ch\/index.php?rest_route=%2Fwp%2Fv2%2Fcomments&post=2"}],"version-history":[{"count":110,"href":"https:\/\/seeland-vet.ch\/index.php?rest_route=\/wp\/v2\/pages\/2\/revisions"}],"predecessor-version":[{"id":732,"href":"https:\/\/seeland-vet.ch\/index.php?rest_route=\/wp\/v2\/pages\/2\/revisions\/732"}],"wp:attachment":[{"href":"https:\/\/seeland-vet.ch\/index.php?rest_route=%2Fwp%2Fv2%2Fmedia&parent=2"}],"curies":[{"name":"wp","href":"https:\/\/api.w.org\/{rel}","templated":true}]}}